{"id":333,"date":"2025-09-12T12:11:31","date_gmt":"2025-09-12T12:11:31","guid":{"rendered":"https:\/\/white-dinner.com\/?post_type=product&#038;p=333"},"modified":"2026-02-06T13:09:22","modified_gmt":"2026-02-06T12:09:22","slug":"white-dinner-saturday-20-06-2026","status":"publish","type":"product","link":"https:\/\/white-dinner.com\/en\/product\/white-dinner-saturday-20-06-2026\/","title":{"rendered":"White Dinner \u2013 Saturday, June 20, 2026"},"content":{"rendered":"","protected":false},"excerpt":{"rendered":"<p><em data-start=\"1131\" data-end=\"1226\">Table reservation for the evening of Saturday, June 20, 2026. Drinks not included.<\/em><\/p>\n<p>*The limit of people per table is a minimum of 2 and a maximum of 10.<\/p>","protected":false},"featured_media":0,"template":"","meta":[],"product_brand":[],"product_cat":[24],"product_tag":[],"class_list":{"0":"post-333","1":"product","2":"type-product","3":"status-publish","5":"product_cat-reservation-table","7":"first","8":"instock","9":"sold-individually","10":"shipping-taxable","11":"purchasable","12":"product-type-variable"},"yoast_head":"<!-- This site is optimized with the Yoast SEO plugin v27.4 - https:\/\/yoast.com\/product\/yoast-seo-wordpress\/ -->\n<title>White Dinner - Samedi 20.06.2026 - White Dinner<\/title>\n<meta name=\"description\" content=\"White Dinner Fribourg le samedi 20 juin 2026. Dress code blanc, service soign\u00e9. Paiement TWINT ou carte. R\u00e9servez votre table d\u00e8s maintenant.\" \/>\n<meta name=\"robots\" content=\"noindex, nofollow\" \/>\n<meta property=\"og:locale\" content=\"en_US\" \/>\n<meta property=\"og:type\" content=\"article\" \/>\n<meta property=\"og:title\" content=\"White Dinner - Samedi 20.06.2026 - White Dinner\" \/>\n<meta property=\"og:description\" content=\"White Dinner Fribourg le samedi 20 juin 2026. Dress code blanc, service soign\u00e9. Paiement TWINT ou carte. R\u00e9servez votre table d\u00e8s maintenant.\" \/>\n<meta property=\"og:url\" content=\"https:\/\/white-dinner.com\/en\/product\/white-dinner-saturday-20-06-2026\/\" \/>\n<meta property=\"og:site_name\" content=\"White Dinner\" \/>\n<meta property=\"article:modified_time\" content=\"2026-02-06T12:09:22+00:00\" \/>\n<meta name=\"twitter:card\" content=\"summary_large_image\" \/>\n<script type=\"application\/ld+json\" class=\"yoast-schema-graph\">{\"@context\":\"https:\\\/\\\/schema.org\",\"@graph\":[{\"@type\":\"WebPage\",\"@id\":\"https:\\\/\\\/white-dinner.com\\\/produit\\\/white-dinner-samedi-20-06-2026\\\/\",\"url\":\"https:\\\/\\\/white-dinner.com\\\/produit\\\/white-dinner-samedi-20-06-2026\\\/\",\"name\":\"White Dinner - Samedi 20.06.2026 - White Dinner\",\"isPartOf\":{\"@id\":\"https:\\\/\\\/white-dinner.com\\\/#website\"},\"datePublished\":\"2025-09-12T12:11:31+00:00\",\"dateModified\":\"2026-02-06T12:09:22+00:00\",\"description\":\"White Dinner Fribourg le samedi 20 juin 2026. Dress code blanc, service soign\u00e9. Paiement TWINT ou carte. R\u00e9servez votre table d\u00e8s maintenant.\",\"breadcrumb\":{\"@id\":\"https:\\\/\\\/white-dinner.com\\\/produit\\\/white-dinner-samedi-20-06-2026\\\/#breadcrumb\"},\"inLanguage\":\"en-US\",\"potentialAction\":[{\"@type\":\"ReadAction\",\"target\":[\"https:\\\/\\\/white-dinner.com\\\/produit\\\/white-dinner-samedi-20-06-2026\\\/\"]}]},{\"@type\":\"BreadcrumbList\",\"@id\":\"https:\\\/\\\/white-dinner.com\\\/produit\\\/white-dinner-samedi-20-06-2026\\\/#breadcrumb\",\"itemListElement\":[{\"@type\":\"ListItem\",\"position\":1,\"name\":\"Accueil\",\"item\":\"https:\\\/\\\/white-dinner.com\\\/fr_fr\\\/\"},{\"@type\":\"ListItem\",\"position\":2,\"name\":\"Boutique\",\"item\":\"https:\\\/\\\/white-dinner.com\\\/boutique\\\/\"},{\"@type\":\"ListItem\",\"position\":3,\"name\":\"White Dinner &#8211; Samedi 20.06.2026\"}]},{\"@type\":\"WebSite\",\"@id\":\"https:\\\/\\\/white-dinner.com\\\/#website\",\"url\":\"https:\\\/\\\/white-dinner.com\\\/\",\"name\":\"White Dinner\",\"description\":\"Votre exp\u00e9rience immersive de l&#039;ann\u00e9e \u00e0 Fribourg\",\"publisher\":{\"@id\":\"https:\\\/\\\/white-dinner.com\\\/#organization\"},\"alternateName\":\"White Dinner Fribourg\",\"potentialAction\":[{\"@type\":\"SearchAction\",\"target\":{\"@type\":\"EntryPoint\",\"urlTemplate\":\"https:\\\/\\\/white-dinner.com\\\/?s={search_term_string}\"},\"query-input\":{\"@type\":\"PropertyValueSpecification\",\"valueRequired\":true,\"valueName\":\"search_term_string\"}}],\"inLanguage\":\"en-US\"},{\"@type\":\"Organization\",\"@id\":\"https:\\\/\\\/white-dinner.com\\\/#organization\",\"name\":\"White Dinner\",\"url\":\"https:\\\/\\\/white-dinner.com\\\/\",\"logo\":{\"@type\":\"ImageObject\",\"inLanguage\":\"en-US\",\"@id\":\"https:\\\/\\\/white-dinner.com\\\/#\\\/schema\\\/logo\\\/image\\\/\",\"url\":\"https:\\\/\\\/white-dinner.com\\\/wp-content\\\/uploads\\\/2025\\\/09\\\/20251015_White_Dinner_Logo_Logo_Vertical_Noir.png\",\"contentUrl\":\"https:\\\/\\\/white-dinner.com\\\/wp-content\\\/uploads\\\/2025\\\/09\\\/20251015_White_Dinner_Logo_Logo_Vertical_Noir.png\",\"width\":1029,\"height\":607,\"caption\":\"White Dinner\"},\"image\":{\"@id\":\"https:\\\/\\\/white-dinner.com\\\/#\\\/schema\\\/logo\\\/image\\\/\"},\"sameAs\":[\"https:\\\/\\\/www.instagram.com\\\/whitedinner.event\\\/\"]}]}<\/script>\n<!-- \/ Yoast SEO plugin. -->","yoast_head_json":{"title":"White Dinner - Saturday 20.06.2026 - White Dinner","description":"White Dinner Fribourg on Saturday, June 20, 2026. White dress code, attentive service. Payment by TWINT or card. Reserve your table now.","robots":{"index":"noindex","follow":"nofollow"},"og_locale":"en_US","og_type":"article","og_title":"White Dinner - Samedi 20.06.2026 - White Dinner","og_description":"White Dinner Fribourg le samedi 20 juin 2026. Dress code blanc, service soign\u00e9. Paiement TWINT ou carte. R\u00e9servez votre table d\u00e8s maintenant.","og_url":"https:\/\/white-dinner.com\/en\/product\/white-dinner-saturday-20-06-2026\/","og_site_name":"White Dinner","article_modified_time":"2026-02-06T12:09:22+00:00","twitter_card":"summary_large_image","schema":{"@context":"https:\/\/schema.org","@graph":[{"@type":"WebPage","@id":"https:\/\/white-dinner.com\/produit\/white-dinner-samedi-20-06-2026\/","url":"https:\/\/white-dinner.com\/produit\/white-dinner-samedi-20-06-2026\/","name":"White Dinner - Saturday 20.06.2026 - White Dinner","isPartOf":{"@id":"https:\/\/white-dinner.com\/#website"},"datePublished":"2025-09-12T12:11:31+00:00","dateModified":"2026-02-06T12:09:22+00:00","description":"White Dinner Fribourg on Saturday, June 20, 2026. White dress code, attentive service. Payment by TWINT or card. Reserve your table now.","breadcrumb":{"@id":"https:\/\/white-dinner.com\/produit\/white-dinner-samedi-20-06-2026\/#breadcrumb"},"inLanguage":"en-US","potentialAction":[{"@type":"ReadAction","target":["https:\/\/white-dinner.com\/produit\/white-dinner-samedi-20-06-2026\/"]}]},{"@type":"BreadcrumbList","@id":"https:\/\/white-dinner.com\/produit\/white-dinner-samedi-20-06-2026\/#breadcrumb","itemListElement":[{"@type":"ListItem","position":1,"name":"Accueil","item":"https:\/\/white-dinner.com\/fr_fr\/"},{"@type":"ListItem","position":2,"name":"Boutique","item":"https:\/\/white-dinner.com\/boutique\/"},{"@type":"ListItem","position":3,"name":"White Dinner &#8211; Samedi 20.06.2026"}]},{"@type":"WebSite","@id":"https:\/\/white-dinner.com\/#website","url":"https:\/\/white-dinner.com\/","name":"White Dinner","description":"Your immersive experience of the year in Fribourg","publisher":{"@id":"https:\/\/white-dinner.com\/#organization"},"alternateName":"White Dinner Fribourg","potentialAction":[{"@type":"SearchAction","target":{"@type":"EntryPoint","urlTemplate":"https:\/\/white-dinner.com\/?s={search_term_string}"},"query-input":{"@type":"PropertyValueSpecification","valueRequired":true,"valueName":"search_term_string"}}],"inLanguage":"en-US"},{"@type":"Organization","@id":"https:\/\/white-dinner.com\/#organization","name":"White Dinner","url":"https:\/\/white-dinner.com\/","logo":{"@type":"ImageObject","inLanguage":"en-US","@id":"https:\/\/white-dinner.com\/#\/schema\/logo\/image\/","url":"https:\/\/white-dinner.com\/wp-content\/uploads\/2025\/09\/20251015_White_Dinner_Logo_Logo_Vertical_Noir.png","contentUrl":"https:\/\/white-dinner.com\/wp-content\/uploads\/2025\/09\/20251015_White_Dinner_Logo_Logo_Vertical_Noir.png","width":1029,"height":607,"caption":"White Dinner"},"image":{"@id":"https:\/\/white-dinner.com\/#\/schema\/logo\/image\/"},"sameAs":["https:\/\/www.instagram.com\/whitedinner.event\/"]}]}},"_links":{"self":[{"href":"https:\/\/white-dinner.com\/en\/wp-json\/wp\/v2\/product\/333","targetHints":{"allow":["GET"]}}],"collection":[{"href":"https:\/\/white-dinner.com\/en\/wp-json\/wp\/v2\/product"}],"about":[{"href":"https:\/\/white-dinner.com\/en\/wp-json\/wp\/v2\/types\/product"}],"wp:attachment":[{"href":"https:\/\/white-dinner.com\/en\/wp-json\/wp\/v2\/media?parent=333"}],"wp:term":[{"taxonomy":"product_brand","embeddable":true,"href":"https:\/\/white-dinner.com\/en\/wp-json\/wp\/v2\/product_brand?post=333"},{"taxonomy":"product_cat","embeddable":true,"href":"https:\/\/white-dinner.com\/en\/wp-json\/wp\/v2\/product_cat?post=333"},{"taxonomy":"product_tag","embeddable":true,"href":"https:\/\/white-dinner.com\/en\/wp-json\/wp\/v2\/product_tag?post=333"}],"curies":[{"name":"wp","href":"https:\/\/api.w.org\/{rel}","templated":true}]}}