{"id":352,"date":"2025-09-12T12:43:54","date_gmt":"2025-09-12T12:43:54","guid":{"rendered":"https:\/\/white-dinner.com\/?page_id=352"},"modified":"2026-02-17T08:51:57","modified_gmt":"2026-02-17T07:51:57","slug":"reservations","status":"publish","type":"page","link":"https:\/\/white-dinner.com\/fr_fr\/reservations\/","title":{"rendered":"R\u00e9servations"},"content":{"rendered":"\t\t<div data-elementor-type=\"wp-page\" data-elementor-id=\"352\" class=\"elementor elementor-352\" data-elementor-post-type=\"page\">\n\t\t\t\t<div class=\"elementor-element elementor-element-39e4be4d e-con-full e-flex e-con e-parent\" data-id=\"39e4be4d\" data-element_type=\"container\" data-e-type=\"container\" data-settings=\"{&quot;background_background&quot;:&quot;classic&quot;}\">\n\t\t\t\t<div class=\"elementor-element elementor-element-5f7bad10 elementor-invisible elementor-widget elementor-widget-heading\" data-id=\"5f7bad10\" data-element_type=\"widget\" data-e-type=\"widget\" data-settings=\"{&quot;_animation&quot;:&quot;fadeIn&quot;}\" data-widget_type=\"heading.default\">\n\t\t\t\t\t<h1 class=\"elementor-heading-title elementor-size-default\">R\u00e9servations<\/h1>\t\t\t\t<\/div>\n\t\t\t\t<\/div>\n\t\t<div class=\"elementor-element elementor-element-e18bb31 e-flex e-con-boxed e-con e-parent\" data-id=\"e18bb31\" data-element_type=\"container\" data-e-type=\"container\">\n\t\t\t\t\t<div class=\"e-con-inner\">\n\t\t<div class=\"elementor-element elementor-element-2d37149 e-con-full e-flex e-con e-child\" data-id=\"2d37149\" data-element_type=\"container\" data-e-type=\"container\">\n\t\t\t\t<div class=\"elementor-element elementor-element-73b8cb4 elementor-widget elementor-widget-heading\" data-id=\"73b8cb4\" data-element_type=\"widget\" data-e-type=\"widget\" data-widget_type=\"heading.default\">\n\t\t\t\t\t<p class=\"elementor-heading-title elementor-size-default\">Veuillez choisir la date<\/p>\t\t\t\t<\/div>\n\t\t\t\t<\/div>\n\t\t<div class=\"elementor-element elementor-element-e69f4bc e-con-full e-flex e-con e-child\" data-id=\"e69f4bc\" data-element_type=\"container\" data-e-type=\"container\">\n\t\t\t\t<div class=\"elementor-element elementor-element-71271ad elementor-widget elementor-widget-html\" data-id=\"71271ad\" data-element_type=\"widget\" data-e-type=\"widget\" data-widget_type=\"html.default\">\n\t\t\t\t\t<nav class=\"wd-progress\" aria-label=\"\u00c9tapes de r\u00e9servation\">\n  <!-- ligne de raccord entre les cercles -->\n  <div class=\"wd-track\" aria-hidden=\"true\"><\/div>\n\n  <ol class=\"wd-steps\">\n    <li class=\"step is-active\" data-step=\"1\" aria-current=\"step\">\n      <span class=\"dot\">1<\/span>\n      <span class=\"label\">Date<\/span>\n    <\/li>\n\n    <li class=\"step\" data-step=\"2\">\n      <span class=\"dot\">2<\/span>\n      <span class=\"label\">R\u00e9servation<\/span>\n    <\/li>\n\n    <li class=\"step\" data-step=\"3\">\n      <span class=\"dot\">3<\/span>\n      <span class=\"label\">Panier<\/span>\n    <\/li>\n\n    <li class=\"step\" data-step=\"4\">\n      <span class=\"dot\">4<\/span>\n      <span class=\"label\">Validation<\/span>\n    <\/li>\n  <\/ol>\n<\/nav>\n\t\t\t\t<\/div>\n\t\t\t\t<\/div>\n\t\t\t\t\t<\/div>\n\t\t\t\t<\/div>\n\t\t<div class=\"elementor-element elementor-element-31f7dc6 e-flex e-con-boxed e-con e-parent\" data-id=\"31f7dc6\" data-element_type=\"container\" data-e-type=\"container\">\n\t\t\t\t\t<div class=\"e-con-inner\">\n\t\t<div class=\"elementor-element elementor-element-11f8f5f e-con-full e-flex e-con e-child\" data-id=\"11f8f5f\" data-element_type=\"container\" data-e-type=\"container\" data-settings=\"{&quot;background_background&quot;:&quot;classic&quot;}\">\n\t\t\t\t<div class=\"elementor-element elementor-element-33d2898 elementor-cta--skin-classic elementor-animated-content elementor-widget elementor-widget-call-to-action\" data-id=\"33d2898\" data-element_type=\"widget\" data-e-type=\"widget\" data-widget_type=\"call-to-action.default\">\n\t\t\t\t\t\t\t<div class=\"elementor-cta\">\n\t\t\t\t\t<div class=\"elementor-cta__bg-wrapper\">\n\t\t\t\t<div class=\"elementor-cta__bg elementor-bg\" style=\"background-image: url(https:\/\/white-dinner.com\/wp-content\/uploads\/2025\/09\/WD-24.06.17-125-1024x683.jpg);\" role=\"img\" aria-label=\"WD - 24.06.17-125\"><\/div>\n\t\t\t\t<div class=\"elementor-cta__bg-overlay\"><\/div>\n\t\t\t<\/div>\n\t\t\t\t\t\t\t<div class=\"elementor-cta__content\">\n\t\t\t\t\n\t\t\t\t\t\t\t\t\t<h2 class=\"elementor-cta__title elementor-cta__content-item elementor-content-item\">\n\t\t\t\t\t\tVendredi 19 juin 2026\t\t\t\t\t<\/h2>\n\t\t\t\t\n\t\t\t\t\t\t\t\t\t<div class=\"elementor-cta__description elementor-cta__content-item elementor-content-item\">\n\t\t\t\t\t\t18h00 \u00e0 2h00\t\t\t\t\t<\/div>\n\t\t\t\t\n\t\t\t\t\t\t\t\t\t<div class=\"elementor-cta__button-wrapper elementor-cta__content-item elementor-content-item \">\n\t\t\t\t\t<a class=\"elementor-cta__button elementor-button elementor-size-\" href=\"https:\/\/white-dinner.com\/fr_fr\/produit\/white-dinner-vendredi-19-06-2026\/\">\n\t\t\t\t\t\tR\u00e9server ma table\t\t\t\t\t<\/a>\n\t\t\t\t\t<\/div>\n\t\t\t\t\t\t\t<\/div>\n\t\t\t\t\t\t<\/div>\n\t\t\t\t\t\t<\/div>\n\t\t\t\t<\/div>\n\t\t<div class=\"elementor-element elementor-element-374d487 e-con-full e-flex e-con e-child\" data-id=\"374d487\" data-element_type=\"container\" data-e-type=\"container\">\n\t\t\t\t<div class=\"elementor-element elementor-element-e3bdc54 elementor-cta--skin-classic elementor-animated-content elementor-widget elementor-widget-call-to-action\" data-id=\"e3bdc54\" data-element_type=\"widget\" data-e-type=\"widget\" data-widget_type=\"call-to-action.default\">\n\t\t\t\t\t\t\t<div class=\"elementor-cta\">\n\t\t\t\t\t<div class=\"elementor-cta__bg-wrapper\">\n\t\t\t\t<div class=\"elementor-cta__bg elementor-bg\" style=\"background-image: url(https:\/\/white-dinner.com\/wp-content\/uploads\/2025\/09\/WD-24.06.17-111-1024x683.jpg);\" role=\"img\" aria-label=\"White Dinner en image\"><\/div>\n\t\t\t\t<div class=\"elementor-cta__bg-overlay\"><\/div>\n\t\t\t<\/div>\n\t\t\t\t\t\t\t<div class=\"elementor-cta__content\">\n\t\t\t\t\n\t\t\t\t\t\t\t\t\t<h2 class=\"elementor-cta__title elementor-cta__content-item elementor-content-item\">\n\t\t\t\t\t\tSamedi 20 juin 2026\t\t\t\t\t<\/h2>\n\t\t\t\t\n\t\t\t\t\t\t\t\t\t<div class=\"elementor-cta__description elementor-cta__content-item elementor-content-item\">\n\t\t\t\t\t\t18h00 \u00e0 2h00\t\t\t\t\t<\/div>\n\t\t\t\t\n\t\t\t\t\t\t\t\t\t<div class=\"elementor-cta__button-wrapper elementor-cta__content-item elementor-content-item \">\n\t\t\t\t\t<a class=\"elementor-cta__button elementor-button elementor-size-\" href=\"https:\/\/white-dinner.com\/fr_fr\/produit\/white-dinner-samedi-20-06-2026\/\">\n\t\t\t\t\t\tR\u00e9server ma table\t\t\t\t\t<\/a>\n\t\t\t\t\t<\/div>\n\t\t\t\t\t\t\t<\/div>\n\t\t\t\t\t\t<\/div>\n\t\t\t\t\t\t<\/div>\n\t\t\t\t<\/div>\n\t\t\t\t\t<\/div>\n\t\t\t\t<\/div>\n\t\t<div class=\"elementor-element elementor-element-836ba69 e-flex e-con-boxed e-con e-parent\" data-id=\"836ba69\" data-element_type=\"container\" data-e-type=\"container\" id=\"contact\">\n\t\t\t\t\t<div class=\"e-con-inner\">\n\t\t\t\t<div class=\"elementor-element elementor-element-08d70f9 elementor-widget elementor-widget-template\" data-id=\"08d70f9\" data-element_type=\"widget\" data-e-type=\"widget\" data-widget_type=\"template.default\">\n\t\t\t\t<div class=\"elementor-widget-container\">\n\t\t\t\t\t\t\t<div class=\"elementor-template\">\n\t\t\t\t\t<div data-elementor-type=\"container\" data-elementor-id=\"1108\" class=\"elementor elementor-1108\" data-elementor-post-type=\"elementor_library\">\n\t\t\t\t<div class=\"elementor-element elementor-element-1d1a3ff e-flex e-con-boxed e-con e-parent\" data-id=\"1d1a3ff\" data-element_type=\"container\" data-e-type=\"container\" id=\"contact\">\n\t\t\t\t\t<div class=\"e-con-inner\">\n\t\t\t\t<div class=\"elementor-element elementor-element-4f650349 elementor-widget__width-inherit elementor-invisible elementor-widget elementor-widget-text-editor\" data-id=\"4f650349\" data-element_type=\"widget\" data-e-type=\"widget\" data-settings=\"{&quot;_animation&quot;:&quot;fadeIn&quot;}\" data-widget_type=\"text-editor.default\">\n\t\t\t\t\t\t\t\t\t<p>Contact<\/p>\t\t\t\t\t\t\t\t<\/div>\n\t\t\t\t<div class=\"elementor-element elementor-element-7a1c6c70 elementor-widget__width-initial elementor-invisible elementor-widget elementor-widget-heading\" data-id=\"7a1c6c70\" data-element_type=\"widget\" data-e-type=\"widget\" data-settings=\"{&quot;_animation&quot;:&quot;fadeIn&quot;,&quot;_animation_delay&quot;:200}\" data-widget_type=\"heading.default\">\n\t\t\t\t\t<h2 class=\"elementor-heading-title elementor-size-default\">Vous avez une question ?<\/h2>\t\t\t\t<\/div>\n\t\t<div class=\"elementor-element elementor-element-2ab9fbfb e-con-full e-flex e-con e-child\" data-id=\"2ab9fbfb\" data-element_type=\"container\" data-e-type=\"container\">\n\t\t<div class=\"elementor-element elementor-element-14c44741 e-con-full e-flex e-con e-child\" data-id=\"14c44741\" data-element_type=\"container\" data-e-type=\"container\">\n\t\t\t\t<div class=\"elementor-element elementor-element-43119bc7 elementor-widget elementor-widget-google_maps\" data-id=\"43119bc7\" data-element_type=\"widget\" data-e-type=\"widget\" data-widget_type=\"google_maps.default\">\n\t\t\t\t\t\t\t<div class=\"elementor-custom-embed\">\n\t\t\t<iframe loading=\"lazy\"\n\t\t\t\t\tsrc=\"https:\/\/maps.google.com\/maps?q=Place%20des%20Ormeaux%2C%201700%20Fribourg&#038;t=m&#038;z=14&#038;output=embed&#038;iwloc=near\"\n\t\t\t\t\ttitle=\"Place des Ormeaux, 1700 Fribourg\"\n\t\t\t\t\taria-label=\"Place des Ormeaux, 1700 Fribourg\"\n\t\t\t><\/iframe>\n\t\t<\/div>\n\t\t\t\t\t\t<\/div>\n\t\t\t\t<div class=\"elementor-element elementor-element-5cec1ee1 elementor-invisible elementor-widget elementor-widget-text-editor\" data-id=\"5cec1ee1\" data-element_type=\"widget\" data-e-type=\"widget\" data-settings=\"{&quot;_animation&quot;:&quot;fadeIn&quot;,&quot;_animation_delay&quot;:400}\" data-widget_type=\"text-editor.default\">\n\t\t\t\t\t\t\t\t\t<p>Adresse<\/p>\t\t\t\t\t\t\t\t<\/div>\n\t\t\t\t<div class=\"elementor-element elementor-element-1e79e211 elementor-icon-list--layout-traditional elementor-list-item-link-full_width elementor-invisible elementor-widget elementor-widget-icon-list\" data-id=\"1e79e211\" data-element_type=\"widget\" data-e-type=\"widget\" data-settings=\"{&quot;_animation&quot;:&quot;fadeIn&quot;,&quot;_animation_delay&quot;:500}\" data-widget_type=\"icon-list.default\">\n\t\t\t\t\t\t\t<ul class=\"elementor-icon-list-items\">\n\t\t\t\t\t\t\t<li class=\"elementor-icon-list-item\">\n\t\t\t\t\t\t\t\t\t\t\t<a href=\"#\">\n\n\t\t\t\t\t\t\t\t\t\t\t<span class=\"elementor-icon-list-text\">Places des Ormeaux<\/span>\n\t\t\t\t\t\t\t\t\t\t\t<\/a>\n\t\t\t\t\t\t\t\t\t<\/li>\n\t\t\t\t\t\t\t\t<li class=\"elementor-icon-list-item\">\n\t\t\t\t\t\t\t\t\t\t\t<a href=\"#\">\n\n\t\t\t\t\t\t\t\t\t\t\t<span class=\"elementor-icon-list-text\">1700 Fribourg<\/span>\n\t\t\t\t\t\t\t\t\t\t\t<\/a>\n\t\t\t\t\t\t\t\t\t<\/li>\n\t\t\t\t\t\t<\/ul>\n\t\t\t\t\t\t<\/div>\n\t\t\t\t<div class=\"elementor-element elementor-element-56696e8d elementor-invisible elementor-widget elementor-widget-text-editor\" data-id=\"56696e8d\" data-element_type=\"widget\" data-e-type=\"widget\" data-settings=\"{&quot;_animation&quot;:&quot;fadeIn&quot;,&quot;_animation_delay&quot;:500}\" data-widget_type=\"text-editor.default\">\n\t\t\t\t\t\t\t\t\t<p>Contact<\/p>\t\t\t\t\t\t\t\t<\/div>\n\t\t\t\t<div class=\"elementor-element elementor-element-7756519c elementor-icon-list--layout-traditional elementor-list-item-link-full_width elementor-invisible elementor-widget elementor-widget-icon-list\" data-id=\"7756519c\" data-element_type=\"widget\" data-e-type=\"widget\" data-settings=\"{&quot;_animation&quot;:&quot;fadeIn&quot;,&quot;_animation_delay&quot;:600}\" data-widget_type=\"icon-list.default\">\n\t\t\t\t\t\t\t<ul class=\"elementor-icon-list-items\">\n\t\t\t\t\t\t\t<li class=\"elementor-icon-list-item\">\n\t\t\t\t\t\t\t\t\t\t\t<a href=\"mailto:info@white-dinner.com\">\n\n\t\t\t\t\t\t\t\t\t\t\t<span class=\"elementor-icon-list-text\">info@white-dinner.com<\/span>\n\t\t\t\t\t\t\t\t\t\t\t<\/a>\n\t\t\t\t\t\t\t\t\t<\/li>\n\t\t\t\t\t\t\t\t<li class=\"elementor-icon-list-item\">\n\t\t\t\t\t\t\t\t\t\t\t<a href=\"tel:+41797842461\">\n\n\t\t\t\t\t\t\t\t\t\t\t<span class=\"elementor-icon-list-text\">079 784 24 61<\/span>\n\t\t\t\t\t\t\t\t\t\t\t<\/a>\n\t\t\t\t\t\t\t\t\t<\/li>\n\t\t\t\t\t\t<\/ul>\n\t\t\t\t\t\t<\/div>\n\t\t\t\t<\/div>\n\t\t<div class=\"elementor-element elementor-element-29ad8b62 e-con-full e-flex elementor-invisible e-con e-child\" data-id=\"29ad8b62\" data-element_type=\"container\" data-e-type=\"container\" data-settings=\"{&quot;animation&quot;:&quot;fadeIn&quot;,&quot;animation_delay&quot;:400}\">\n\t\t\t\t<div class=\"elementor-element elementor-element-164b85 elementor-button-align-center elementor-widget elementor-widget-form\" data-id=\"164b85\" data-element_type=\"widget\" data-e-type=\"widget\" data-settings=\"{&quot;step_next_label&quot;:&quot;Suivant&quot;,&quot;step_previous_label&quot;:&quot;Pr\\u00e9c\\u00e9dent&quot;,&quot;button_width&quot;:&quot;100&quot;,&quot;step_type&quot;:&quot;number_text&quot;,&quot;step_icon_shape&quot;:&quot;circle&quot;}\" data-widget_type=\"form.default\">\n\t\t\t\t\t\t\t<form class=\"elementor-form\" method=\"post\" name=\"Nouveau formulaire\" aria-label=\"Nouveau formulaire\">\n\t\t\t<input type=\"hidden\" name=\"post_id\" value=\"1108\"\/>\n\t\t\t<input type=\"hidden\" name=\"form_id\" value=\"164b85\"\/>\n\t\t\t<input type=\"hidden\" name=\"referer_title\" value=\"Concept - White Dinner Fribourg | Dress code blanc, d\u00e9roul\u00e9 &amp; infos\" \/>\n\n\t\t\t\t\t\t\t<input type=\"hidden\" name=\"queried_id\" value=\"247\"\/>\n\t\t\t\n\t\t\t<div class=\"elementor-form-fields-wrapper elementor-labels-above\">\n\t\t\t\t\t\t\t\t<div class=\"elementor-field-type-text elementor-field-group elementor-column elementor-field-group-nom elementor-col-50 elementor-field-required elementor-mark-required\">\n\t\t\t\t\t\t\t\t\t\t\t\t<label for=\"form-field-nom\" class=\"elementor-field-label\">\n\t\t\t\t\t\t\t\tNom\t\t\t\t\t\t\t<\/label>\n\t\t\t\t\t\t\t\t\t\t\t\t\t\t<input size=\"1\" type=\"text\" name=\"form_fields[nom]\" id=\"form-field-nom\" class=\"elementor-field elementor-size-md  elementor-field-textual\" required=\"required\">\n\t\t\t\t\t\t\t\t\t\t\t<\/div>\n\t\t\t\t\t\t\t\t<div class=\"elementor-field-type-text elementor-field-group elementor-column elementor-field-group-prenom elementor-col-50 elementor-field-required elementor-mark-required\">\n\t\t\t\t\t\t\t\t\t\t\t\t<label for=\"form-field-prenom\" class=\"elementor-field-label\">\n\t\t\t\t\t\t\t\tPr\u00e9nom\t\t\t\t\t\t\t<\/label>\n\t\t\t\t\t\t\t\t\t\t\t\t\t\t<input size=\"1\" type=\"text\" name=\"form_fields[prenom]\" id=\"form-field-prenom\" class=\"elementor-field elementor-size-md  elementor-field-textual\" required=\"required\">\n\t\t\t\t\t\t\t\t\t\t\t<\/div>\n\t\t\t\t\t\t\t\t<div class=\"elementor-field-type-tel elementor-field-group elementor-column elementor-field-group-tel elementor-col-100 elementor-field-required elementor-mark-required\">\n\t\t\t\t\t\t\t\t\t\t\t\t<label for=\"form-field-tel\" class=\"elementor-field-label\">\n\t\t\t\t\t\t\t\tT\u00e9l\u00e9phone\t\t\t\t\t\t\t<\/label>\n\t\t\t\t\t\t\t\t<input size=\"1\" type=\"tel\" name=\"form_fields[tel]\" id=\"form-field-tel\" class=\"elementor-field elementor-size-md  elementor-field-textual\" required=\"required\" pattern=\"[0-9()#&amp;+*-=.]+\" title=\"Seuls les caract\u00e8res de num\u00e9ros de t\u00e9l\u00e9phone (#, -, *, etc.) sont accept\u00e9s.\">\n\n\t\t\t\t\t\t<\/div>\n\t\t\t\t\t\t\t\t<div class=\"elementor-field-type-email elementor-field-group elementor-column elementor-field-group-email elementor-col-100 elementor-field-required elementor-mark-required\">\n\t\t\t\t\t\t\t\t\t\t\t\t<label for=\"form-field-email\" class=\"elementor-field-label\">\n\t\t\t\t\t\t\t\tE-mail\t\t\t\t\t\t\t<\/label>\n\t\t\t\t\t\t\t\t\t\t\t\t\t\t<input size=\"1\" type=\"email\" name=\"form_fields[email]\" id=\"form-field-email\" class=\"elementor-field elementor-size-md  elementor-field-textual\" required=\"required\">\n\t\t\t\t\t\t\t\t\t\t\t<\/div>\n\t\t\t\t\t\t\t\t<div class=\"elementor-field-type-textarea elementor-field-group elementor-column elementor-field-group-message elementor-col-100 elementor-field-required elementor-mark-required\">\n\t\t\t\t\t\t\t\t\t\t\t\t<label for=\"form-field-message\" class=\"elementor-field-label\">\n\t\t\t\t\t\t\t\tMessage\t\t\t\t\t\t\t<\/label>\n\t\t\t\t\t\t<textarea class=\"elementor-field-textual elementor-field  elementor-size-md\" name=\"form_fields[message]\" id=\"form-field-message\" rows=\"4\" required=\"required\"><\/textarea>\t\t\t\t<\/div>\n\t\t\t\t\t\t\t\t<div class=\"elementor-field-group elementor-column elementor-field-type-submit elementor-col-100 e-form__buttons\">\n\t\t\t\t\t<button class=\"elementor-button elementor-size-sm\" type=\"submit\">\n\t\t\t\t\t\t<span class=\"elementor-button-content-wrapper\">\n\t\t\t\t\t\t\t\t\t\t\t\t\t\t\t\t\t\t\t\t\t\t<span class=\"elementor-button-text\">Envoyer<\/span>\n\t\t\t\t\t\t\t\t\t\t\t\t\t<\/span>\n\t\t\t\t\t<\/button>\n\t\t\t\t<\/div>\n\t\t\t<\/div>\n\t\t<\/form>\n\t\t\t\t\t\t<\/div>\n\t\t\t\t<\/div>\n\t\t\t\t<\/div>\n\t\t\t\t\t<\/div>\n\t\t\t\t<\/div>\n\t\t\t\t<\/div>\n\t\t\t\t<\/div>\n\t\t\t\t\t\t<\/div>\n\t\t\t\t<\/div>\n\t\t\t\t\t<\/div>\n\t\t\t\t<\/div>\n\t\t\t\t<\/div>\n\t\t","protected":false},"excerpt":{"rendered":"<p>R\u00e9servations Veuillez choisir la date 1 Date 2 R\u00e9servation 3 Panier 4 Validation Vendredi 19 juin 2026 18h00 \u00e0 2h00 R\u00e9server ma table Samedi 20 juin 2026 18h00 \u00e0 2h00 R\u00e9server ma table<\/p>\n","protected":false},"author":1,"featured_media":0,"parent":0,"menu_order":0,"comment_status":"closed","ping_status":"closed","template":"","meta":{"footnotes":""},"class_list":["post-352","page","type-page","status-publish","hentry"],"yoast_head":"<!-- This site is optimized with the Yoast SEO plugin v27.4 - https:\/\/yoast.com\/product\/yoast-seo-wordpress\/ -->\n<title>R\u00e9servations - White Dinner Fribourg 2026<\/title>\n<meta name=\"description\" content=\"Choisissez votre date et r\u00e9servez votre table (2 \u00e0 10 personnes). Dress code blanc, service soign\u00e9. Paiement TWINT ou carte.\" \/>\n<meta name=\"robots\" content=\"index, follow, max-snippet:-1, max-image-preview:large, max-video-preview:-1\" \/>\n<link rel=\"canonical\" href=\"https:\/\/white-dinner.com\/fr_fr\/reservations\/\" \/>\n<meta property=\"og:locale\" content=\"fr_FR\" \/>\n<meta property=\"og:type\" content=\"article\" \/>\n<meta property=\"og:title\" content=\"R\u00e9servations - White Dinner Fribourg 2026\" \/>\n<meta property=\"og:description\" content=\"Choisissez votre date et r\u00e9servez votre table (2 \u00e0 10 personnes). Dress code blanc, service soign\u00e9. Paiement TWINT ou carte.\" \/>\n<meta property=\"og:url\" content=\"https:\/\/white-dinner.com\/fr_fr\/reservations\/\" \/>\n<meta property=\"og:site_name\" content=\"White Dinner\" \/>\n<meta property=\"article:modified_time\" content=\"2026-02-17T07:51:57+00:00\" \/>\n<meta name=\"twitter:card\" content=\"summary_large_image\" \/>\n<meta name=\"twitter:label1\" content=\"Dur\u00e9e de lecture estim\u00e9e\" \/>\n\t<meta name=\"twitter:data1\" content=\"1 minute\" \/>\n<script type=\"application\/ld+json\" class=\"yoast-schema-graph\">{\"@context\":\"https:\\\/\\\/schema.org\",\"@graph\":[{\"@type\":\"WebPage\",\"@id\":\"https:\\\/\\\/white-dinner.com\\\/reservations\\\/\",\"url\":\"https:\\\/\\\/white-dinner.com\\\/reservations\\\/\",\"name\":\"R\u00e9servations - White Dinner Fribourg 2026\",\"isPartOf\":{\"@id\":\"https:\\\/\\\/white-dinner.com\\\/#website\"},\"datePublished\":\"2025-09-12T12:43:54+00:00\",\"dateModified\":\"2026-02-17T07:51:57+00:00\",\"description\":\"Choisissez votre date et r\u00e9servez votre table (2 \u00e0 10 personnes). Dress code blanc, service soign\u00e9. Paiement TWINT ou carte.\",\"breadcrumb\":{\"@id\":\"https:\\\/\\\/white-dinner.com\\\/reservations\\\/#breadcrumb\"},\"inLanguage\":\"fr-FR\",\"potentialAction\":[{\"@type\":\"ReadAction\",\"target\":[\"https:\\\/\\\/white-dinner.com\\\/reservations\\\/\"]}]},{\"@type\":\"BreadcrumbList\",\"@id\":\"https:\\\/\\\/white-dinner.com\\\/reservations\\\/#breadcrumb\",\"itemListElement\":[{\"@type\":\"ListItem\",\"position\":1,\"name\":\"Accueil\",\"item\":\"https:\\\/\\\/white-dinner.com\\\/fr_fr\\\/\"},{\"@type\":\"ListItem\",\"position\":2,\"name\":\"R\u00e9servations\"}]},{\"@type\":\"WebSite\",\"@id\":\"https:\\\/\\\/white-dinner.com\\\/#website\",\"url\":\"https:\\\/\\\/white-dinner.com\\\/\",\"name\":\"White Dinner\",\"description\":\"Votre exp\u00e9rience immersive de l&#039;ann\u00e9e \u00e0 Fribourg\",\"publisher\":{\"@id\":\"https:\\\/\\\/white-dinner.com\\\/#organization\"},\"alternateName\":\"White Dinner Fribourg\",\"potentialAction\":[{\"@type\":\"SearchAction\",\"target\":{\"@type\":\"EntryPoint\",\"urlTemplate\":\"https:\\\/\\\/white-dinner.com\\\/?s={search_term_string}\"},\"query-input\":{\"@type\":\"PropertyValueSpecification\",\"valueRequired\":true,\"valueName\":\"search_term_string\"}}],\"inLanguage\":\"fr-FR\"},{\"@type\":\"Organization\",\"@id\":\"https:\\\/\\\/white-dinner.com\\\/#organization\",\"name\":\"White Dinner\",\"url\":\"https:\\\/\\\/white-dinner.com\\\/\",\"logo\":{\"@type\":\"ImageObject\",\"inLanguage\":\"fr-FR\",\"@id\":\"https:\\\/\\\/white-dinner.com\\\/#\\\/schema\\\/logo\\\/image\\\/\",\"url\":\"https:\\\/\\\/white-dinner.com\\\/wp-content\\\/uploads\\\/2025\\\/09\\\/20251015_White_Dinner_Logo_Logo_Vertical_Noir.png\",\"contentUrl\":\"https:\\\/\\\/white-dinner.com\\\/wp-content\\\/uploads\\\/2025\\\/09\\\/20251015_White_Dinner_Logo_Logo_Vertical_Noir.png\",\"width\":1029,\"height\":607,\"caption\":\"White Dinner\"},\"image\":{\"@id\":\"https:\\\/\\\/white-dinner.com\\\/#\\\/schema\\\/logo\\\/image\\\/\"},\"sameAs\":[\"https:\\\/\\\/www.instagram.com\\\/whitedinner.event\\\/\"]}]}<\/script>\n<!-- \/ Yoast SEO plugin. -->","yoast_head_json":{"title":"R\u00e9servations - White Dinner Fribourg 2026","description":"Choisissez votre date et r\u00e9servez votre table (2 \u00e0 10 personnes). Dress code blanc, service soign\u00e9. Paiement TWINT ou carte.","robots":{"index":"index","follow":"follow","max-snippet":"max-snippet:-1","max-image-preview":"max-image-preview:large","max-video-preview":"max-video-preview:-1"},"canonical":"https:\/\/white-dinner.com\/fr_fr\/reservations\/","og_locale":"fr_FR","og_type":"article","og_title":"R\u00e9servations - White Dinner Fribourg 2026","og_description":"Choisissez votre date et r\u00e9servez votre table (2 \u00e0 10 personnes). Dress code blanc, service soign\u00e9. Paiement TWINT ou carte.","og_url":"https:\/\/white-dinner.com\/fr_fr\/reservations\/","og_site_name":"White Dinner","article_modified_time":"2026-02-17T07:51:57+00:00","twitter_card":"summary_large_image","twitter_misc":{"Dur\u00e9e de lecture estim\u00e9e":"1 minute"},"schema":{"@context":"https:\/\/schema.org","@graph":[{"@type":"WebPage","@id":"https:\/\/white-dinner.com\/reservations\/","url":"https:\/\/white-dinner.com\/reservations\/","name":"R\u00e9servations - White Dinner Fribourg 2026","isPartOf":{"@id":"https:\/\/white-dinner.com\/#website"},"datePublished":"2025-09-12T12:43:54+00:00","dateModified":"2026-02-17T07:51:57+00:00","description":"Choisissez votre date et r\u00e9servez votre table (2 \u00e0 10 personnes). Dress code blanc, service soign\u00e9. Paiement TWINT ou carte.","breadcrumb":{"@id":"https:\/\/white-dinner.com\/reservations\/#breadcrumb"},"inLanguage":"fr-FR","potentialAction":[{"@type":"ReadAction","target":["https:\/\/white-dinner.com\/reservations\/"]}]},{"@type":"BreadcrumbList","@id":"https:\/\/white-dinner.com\/reservations\/#breadcrumb","itemListElement":[{"@type":"ListItem","position":1,"name":"Accueil","item":"https:\/\/white-dinner.com\/fr_fr\/"},{"@type":"ListItem","position":2,"name":"R\u00e9servations"}]},{"@type":"WebSite","@id":"https:\/\/white-dinner.com\/#website","url":"https:\/\/white-dinner.com\/","name":"White Dinner","description":"Votre exp\u00e9rience immersive de l&#039;ann\u00e9e \u00e0 Fribourg","publisher":{"@id":"https:\/\/white-dinner.com\/#organization"},"alternateName":"White Dinner Fribourg","potentialAction":[{"@type":"SearchAction","target":{"@type":"EntryPoint","urlTemplate":"https:\/\/white-dinner.com\/?s={search_term_string}"},"query-input":{"@type":"PropertyValueSpecification","valueRequired":true,"valueName":"search_term_string"}}],"inLanguage":"fr-FR"},{"@type":"Organization","@id":"https:\/\/white-dinner.com\/#organization","name":"White Dinner","url":"https:\/\/white-dinner.com\/","logo":{"@type":"ImageObject","inLanguage":"fr-FR","@id":"https:\/\/white-dinner.com\/#\/schema\/logo\/image\/","url":"https:\/\/white-dinner.com\/wp-content\/uploads\/2025\/09\/20251015_White_Dinner_Logo_Logo_Vertical_Noir.png","contentUrl":"https:\/\/white-dinner.com\/wp-content\/uploads\/2025\/09\/20251015_White_Dinner_Logo_Logo_Vertical_Noir.png","width":1029,"height":607,"caption":"White Dinner"},"image":{"@id":"https:\/\/white-dinner.com\/#\/schema\/logo\/image\/"},"sameAs":["https:\/\/www.instagram.com\/whitedinner.event\/"]}]}},"_links":{"self":[{"href":"https:\/\/white-dinner.com\/fr_fr\/wp-json\/wp\/v2\/pages\/352","targetHints":{"allow":["GET"]}}],"collection":[{"href":"https:\/\/white-dinner.com\/fr_fr\/wp-json\/wp\/v2\/pages"}],"about":[{"href":"https:\/\/white-dinner.com\/fr_fr\/wp-json\/wp\/v2\/types\/page"}],"author":[{"embeddable":true,"href":"https:\/\/white-dinner.com\/fr_fr\/wp-json\/wp\/v2\/users\/1"}],"replies":[{"embeddable":true,"href":"https:\/\/white-dinner.com\/fr_fr\/wp-json\/wp\/v2\/comments?post=352"}],"version-history":[{"count":55,"href":"https:\/\/white-dinner.com\/fr_fr\/wp-json\/wp\/v2\/pages\/352\/revisions"}],"predecessor-version":[{"id":1119,"href":"https:\/\/white-dinner.com\/fr_fr\/wp-json\/wp\/v2\/pages\/352\/revisions\/1119"}],"wp:attachment":[{"href":"https:\/\/white-dinner.com\/fr_fr\/wp-json\/wp\/v2\/media?parent=352"}],"curies":[{"name":"wp","href":"https:\/\/api.w.org\/{rel}","templated":true}]}}